{"id":492,"date":"2023-12-18T16:19:13","date_gmt":"2023-12-18T21:19:13","guid":{"rendered":"http:\/\/marchevirtuel.com\/?post_type=product&#038;p=492"},"modified":"2025-02-06T14:01:29","modified_gmt":"2025-02-06T19:01:29","slug":"porc-hache","status":"publish","type":"product","link":"https:\/\/marchevirtuel.com\/en\/produit\/porc-hache\/","title":{"rendered":"Porc hach\u00e9"},"content":{"rendered":"<p>Lorsqu&#8217;il est cuit, le porc hach\u00e9 d\u00e9veloppe souvent des ar\u00f4mes savoureux et une texture juteuse. La viande de porc a une tendance \u00e0 absorber les saveurs des ingr\u00e9dients avec lesquels elle est cuisin\u00e9e, ce qui la rend polyvalente et adaptable \u00e0 une grande vari\u00e9t\u00e9 de plats.<\/p>\n<p>Le go\u00fbt sp\u00e9cifique du porc hach\u00e9 peut \u00eatre influenc\u00e9 par des facteurs tels que la pr\u00e9paration, la cuisson et les assaisonnements utilis\u00e9s. Par exemple, le porc hach\u00e9 peut \u00eatre utilis\u00e9 dans des plats tels que les boulettes de viande, les saucisses, les hamburgers, les saut\u00e9s, et bien d&#8217;autres, offrant ainsi une diversit\u00e9 de profils de saveurs en fonction des pr\u00e9parations culinaires.<\/p>\n<ul>\n<li>Produit congel\u00e9<\/li>\n<\/ul>\n","protected":false},"excerpt":{"rendered":"<p>Lorsqu&#8217;il est cuit, le porc hach\u00e9 d\u00e9veloppe souvent des ar\u00f4mes savoureux et une texture juteuse. La viande de porc a une tendance \u00e0 absorber les saveurs des ingr\u00e9dients avec lesquels elle est cuisin\u00e9e, ce qui la rend polyvalente et adaptable \u00e0 une grande vari\u00e9t\u00e9 de plats. Le go\u00fbt sp\u00e9cifique du porc hach\u00e9 peut \u00eatre influenc\u00e9 [&hellip;]<\/p>\n","protected":false},"featured_media":478,"template":"","meta":[],"product_cat":[23],"product_tag":[],"class_list":{"0":"post-492","1":"product","2":"type-product","3":"status-publish","4":"has-post-thumbnail","6":"product_cat-porc","7":"marchand-lagneau-maraicher","9":"first","10":"instock","11":"shipping-taxable","12":"purchasable","13":"product-type-variable"},"acf":[],"aioseo_notices":[],"_links":{"self":[{"href":"https:\/\/marchevirtuel.com\/en\/wp-json\/wp\/v2\/product\/492","targetHints":{"allow":["GET"]}}],"collection":[{"href":"https:\/\/marchevirtuel.com\/en\/wp-json\/wp\/v2\/product"}],"about":[{"href":"https:\/\/marchevirtuel.com\/en\/wp-json\/wp\/v2\/types\/product"}],"wp:featuredmedia":[{"embeddable":true,"href":"https:\/\/marchevirtuel.com\/en\/wp-json\/wp\/v2\/media\/478"}],"wp:attachment":[{"href":"https:\/\/marchevirtuel.com\/en\/wp-json\/wp\/v2\/media?parent=492"}],"wp:term":[{"taxonomy":"product_cat","embeddable":true,"href":"https:\/\/marchevirtuel.com\/en\/wp-json\/wp\/v2\/product_cat?post=492"},{"taxonomy":"product_tag","embeddable":true,"href":"https:\/\/marchevirtuel.com\/en\/wp-json\/wp\/v2\/product_tag?post=492"}],"curies":[{"name":"wp","href":"https:\/\/api.w.org\/{rel}","templated":true}]}}