{"id":544,"date":"2023-12-24T14:05:56","date_gmt":"2023-12-24T19:05:56","guid":{"rendered":"https:\/\/marchevirtuel.com\/?post_type=product&#038;p=544"},"modified":"2025-02-06T13:55:16","modified_gmt":"2025-02-06T18:55:16","slug":"creton-de-porc","status":"publish","type":"product","link":"https:\/\/marchevirtuel.com\/en\/produit\/creton-de-porc\/","title":{"rendered":"Creton de porc"},"content":{"rendered":"<p>Le creton de porc incarne le terroir qu\u00e9b\u00e9cois, offrant une exp\u00e9rience gustative riche en saveurs et en traditions culinaires, et il demeure un incontournable des tables familiales lors des r\u00e9unions festives ou des petits d\u00e9jeuners conviviaux.<\/p>\n<ul>\n<li>Produit congel\u00e9<\/li>\n<\/ul>\n","protected":false},"excerpt":{"rendered":"<p>Le creton de porc incarne le terroir qu\u00e9b\u00e9cois, offrant une exp\u00e9rience gustative riche en saveurs et en traditions culinaires, et il demeure un incontournable des tables familiales lors des r\u00e9unions festives ou des petits d\u00e9jeuners conviviaux. Produit congel\u00e9<\/p>\n","protected":false},"featured_media":0,"template":"","meta":[],"product_cat":[23],"product_tag":[],"class_list":{"0":"post-544","1":"product","2":"type-product","3":"status-publish","5":"product_cat-porc","6":"marchand-lagneau-maraicher","8":"first","9":"instock","10":"shipping-taxable","11":"purchasable","12":"product-type-simple"},"acf":[],"aioseo_notices":[],"_links":{"self":[{"href":"https:\/\/marchevirtuel.com\/en\/wp-json\/wp\/v2\/product\/544","targetHints":{"allow":["GET"]}}],"collection":[{"href":"https:\/\/marchevirtuel.com\/en\/wp-json\/wp\/v2\/product"}],"about":[{"href":"https:\/\/marchevirtuel.com\/en\/wp-json\/wp\/v2\/types\/product"}],"wp:attachment":[{"href":"https:\/\/marchevirtuel.com\/en\/wp-json\/wp\/v2\/media?parent=544"}],"wp:term":[{"taxonomy":"product_cat","embeddable":true,"href":"https:\/\/marchevirtuel.com\/en\/wp-json\/wp\/v2\/product_cat?post=544"},{"taxonomy":"product_tag","embeddable":true,"href":"https:\/\/marchevirtuel.com\/en\/wp-json\/wp\/v2\/product_tag?post=544"}],"curies":[{"name":"wp","href":"https:\/\/api.w.org\/{rel}","templated":true}]}}